{"id":3395,"date":"2024-03-21T07:08:36","date_gmt":"2024-03-21T06:08:36","guid":{"rendered":"https:\/\/www.musical-today.de\/?page_id=3395"},"modified":"2026-02-08T22:24:03","modified_gmt":"2026-02-08T21:24:03","slug":"agb","status":"publish","type":"page","link":"https:\/\/www.musical-today.de\/en\/agb\/","title":{"rendered":"Allgemeine Gesch\u00e4ftsbedingungen"},"content":{"rendered":"<p><strong>A. Allgemeine Bedingungen<\/strong><\/p>\n\n\n\n<p>(1) Der Theaterverlag \u2013 Friedrich Berlin GmbH stellt Leistungen gegen\u00fcber Unternehmern und Verbrauchern (nachstehend auch \u201eVertragspartner\u201c) zur Verf\u00fcgung. Die nachfolgenden Bedingungen gelten f\u00fcr alle Vertr\u00e4ge zwischen Der Theaterverlag \u2013 Friedrich Berlin GmbH und dem Vertragspartner erg\u00e4nzend zu den Vertragsbedingungen unter Punkt B. Entgegenstehende oder von diesen Bedingungen abweichende Gesch\u00e4ftsbedingungen des Vertragspartners werden von Der Theaterverlag \u2013 Friedrich Berlin GmbH vorbehaltlich einer anderweitig ausdr\u00fccklichen Vereinbarung nicht anerkannt.<\/p>\n\n\n\n<p>(2) Die Vertragssprache ist deutsch.<\/p>\n\n\n\n<p>(3) F\u00fcr Unternehmerkunden gilt: Als Erf\u00fcllungsort wird der Sitz der Der Theaterverlag \u2013 Friedrich Berlin GmbH vereinbart.<\/p>\n\n\n\n<p>(4) Der Verk\u00e4ufer weist darauf hin, dass er Daten des Vertragspartners, die den Gesch\u00e4ftsverkehr mit ihm betreffen, im Sinne des Datenschutzgesetzes verarbeitet.<\/p>\n\n\n\n<p>(5) Sollten eine oder mehrere Bestimmungen ganz oder teilweise unwirksam sein oder unwirksam werden, so wird die G\u00fcltigkeit der \u00fcbrigen Bestimmungen nicht ber\u00fchrt.<\/p>\n\n\n\n<p>(6) Streitbeilegung<\/p>\n\n\n\n<p>Die Der Theaterverlag \u2013 Friedrich Berlin GmbH ist grunds\u00e4tzlich nicht bereit und verpflichtet, an Streitbeilegungsverfahren vor einer Verbraucherschlichtungsstelle teilzunehmen.<\/p>\n\n\n\n<p><br><strong>Haftung<\/strong><\/p>\n\n\n\n<p>(1) Die M\u00e4ngelrechte des Vertragspartners richten sich nach den deutschen gesetzlichen Bestimmungen, solange in den vertraglichen Bedingungen nicht etwas anderes bestimmt ist.<\/p>\n\n\n\n<p>(2) F\u00fcr Sch\u00e4den, die an anderen Rechtsg\u00fctern als dem Leben, K\u00f6rper oder Gesundheit entstehen ist die Haftung ausgeschlossen, soweit die Sch\u00e4den nicht auf vors\u00e4tzlichem oder grob fahrl\u00e4ssigem Verhalten der Der Theaterverlag \u2013 Friedrich Berlin GmbH, eines ihrer gesetzlichen Vertreter oder eines ihrer Erf\u00fcllungsgehilfen beruhen oder das Verhalten auch keine Verletzung von vertragswesentlichen Pflichten ist. Wesentliche Vertragspflichten sind solche Pflichten, deren Erf\u00fcllung die ordnungsgem\u00e4\u00dfe Durchf\u00fchrung des Vertrages \u00fcberhaupt erst erm\u00f6glicht und auf deren Einhaltung der Vertragspartner regelm\u00e4\u00dfig vertrauen darf.<\/p>\n\n\n\n<p>(3) Dieser Haftungssausschluss gilt nicht, soweit Anspr\u00fcche nach dem Produkthaftungsgesetz betroffen sind, ein Mangel arglistig verschwiegen wurde oder eine Beschaffenheitsgarantie \u00fcbernommen wurde.<\/p>\n\n\n\n<p><strong>B. Online Shop<\/strong><\/p>\n\n\n\n<p><strong>Geltungsbereich und Anbieter<\/strong><\/p>\n\n\n\n<p>(1) Die Gesch\u00e4ftsbedingungen (nachfolgend \u201eAGB\u201c genannt) regeln den Verkauf von Produkten durch Der Theaterverlag \u2013 Friedrich Berlin GmbH (nachfolgend Anbieter) an Sie, in ihrer zum Zeitpunkt der Bestellung g\u00fcltigen Fassung.<\/p>\n\n\n\n<p>(2) Abweichende AGB des Bestellers werden zur\u00fcckgewiesen.<\/p>\n\n\n\n<p>(3) Bitte lesen Sie diese Bedingungen aufmerksam, bevor Sie eine Bestellung im Musical Today Shop aufgeben. Durch Aufgabe einer Bestellung an die Der Theaterverlag \u2013 Friedrich Berlin GmbH erkl\u00e4ren Sie sich mit der Anwendung dieser Verkaufsbedingungen auf Ihre Bestellung im Shop einverstanden.<\/p>\n\n\n\n<p>(4) Auf www.musical-today.de\/shop bieten wir Ihnen den Verkauf von folgenden Produkten an:<\/p>\n\n\n\n<p>Abonnements unserer Magazine, Einzelausgaben der Magazine, B\u00fccher und CDs<\/p>\n\n\n\n<p><strong><br>Zustandekommen des Vertrages<\/strong><\/p>\n\n\n\n<p>(1) Vertr\u00e4ge auf diesem Portal k\u00f6nnen ausschlie\u00dflich in deutscher Sprache abgeschlossen werden.<\/p>\n\n\n\n<p>(2) Die Angebote richten sich ausschlie\u00dflich an Endkunden mit einer Rechnungs- und Lieferanschrift in:<\/p>\n\n\n\n<p>Deutschland und dem europ\u00e4ischen Ausland.<\/p>\n\n\n\n<p>(3) Der Besteller muss das 18. Lebensjahr vollendet haben.<\/p>\n\n\n\n<p>(4) Die Pr\u00e4sentation der Waren im Online-Shop stellt kein rechtlich wirksames Angebot dar. Ihre Bestellung stellt ein Angebot an&nbsp;<a href=\"http:\/\/www.musical-today.de\/en\/\" target=\"_blank\" rel=\"noopener noreferrer nofollow\">www.musical-today.de<\/a>&nbsp;zum Abschluss eines Kaufvertrages dar. Der Besteller gibt ein verbindliches Angebot ab, wenn er den Online-Bestellprozess unter Eingabe der dort verlangten Angaben durchlaufen hat und im letzten Bestellschritt den Button \u201ezahlungspflichtig bestellen\u201c anklickt.<\/p>\n\n\n\n<p>(5) Der Kaufvertrag zwischen dem Anbieter und dem Besteller kommt erst durch eine Annahmeerkl\u00e4rung des Anbieters zustande. Diese erfolgt zum fr\u00fcheren der beiden Termine, entweder Zusendung der Ware oder Zusendung einer Versandbest\u00e4tigung per E-Mail. Beachten Sie, dass die Best\u00e4tigung \u00fcber den Eingang Ihrer Bestellung keine Annahmeerkl\u00e4rung im zuvor genannten Sinne darstellt.<\/p>\n\n\n\n<p>(6) Die Wirksamkeit von Vertr\u00e4gen \u00fcber gr\u00f6\u00dfere als haushalts\u00fcbliche Mengen sowie der gewerbliche Weiterverkauf des Kaufgegenstands bedarf der ausdr\u00fccklichen Best\u00e4tigung seitens des Anbieters. Dies bezieht sich sowohl auf die Anzahl der bestellten Produkte im Rahmen einer Bestellung als auch auf die Aufgabe mehrerer Bestellungen desselben Produkts, bei denen die einzelnen Bestellungen eine haushalts\u00fcbliche Menge umfassen.<\/p>\n\n\n\n<p>(7) Ihre Bestellungen werden bei uns nach Vertragsschluss gespeichert. Sollten Sie Ihre Unterlagen zu Ihren Bestellungen verlieren, wenden Sie sich bitte per E-Mail oder Telefon an uns. Wir senden Ihnen eine Kopie der Bestelldaten zu.<\/p>\n\n\n\n<p><strong><br>Preise und Versandkosten<\/strong><\/p>\n\n\n\n<p>(1) Unsere Preise beinhalten die jeweils g\u00fcltige gesetzliche Mehrwertsteuer und verstehen sich mit Versandkostenpauschale.<\/p>\n\n\n\n<p>(2) Es gelten die Preise zum Zeitpunkt der Bestellung.<\/p>\n\n\n\n<p><strong><br>Lieferung<\/strong><\/p>\n\n\n\n<p>(1) Sofern nicht anders vereinbart, erfolgt die Lieferung an die vom Besteller angegebene Lieferadresse. Auf der Webseite finden Sie Hinweise zur Verf\u00fcgbarkeit von Produkten, die von www.musical-today.de verkauft werden (z.B. auf der jeweiligen Produktdetailseite). Wir weisen darauf hin, dass s\u00e4mtliche Angaben zu Verf\u00fcgbarkeit, Versand oder Zustellung eines Produktes lediglich voraussichtliche Angaben und ungef\u00e4hre Richtwerte sind. Sie stellen keine verbindlichen bzw. garantierten Versand- oder Liefertermine dar, au\u00dfer wenn dies bei den Versandoptionen des jeweiligen Produktes ausdr\u00fccklich als verbindlicher Termin bezeichnet ist.<\/p>\n\n\n\n<p>(2) Sofern www.musical-today.de w\u00e4hrend der Bearbeitung Ihrer Bestellung feststellt, dass von Ihnen bestellte Produkte nicht verf\u00fcgbar sind, werden Sie dar\u00fcber gesondert per E-Mail informiert. Die gesetzlichen Anspr\u00fcche des Bestellers bleiben unber\u00fchrt.<\/p>\n\n\n\n<p>(3) Die Lieferung erfolgt je nach Zahlungsart des Kunden. Bei Zahlung per Lastschrift oder Rechnung erfolgt die Lieferung nach Vertragsschluss.<\/p>\n\n\n\n<p><br><strong>Zahlung<\/strong><\/p>\n\n\n\n<p>(1) Der Besteller kann die Ware durch folgende Zahlungsarten bezahlen:<br>\u2013 Rechnung<br>\u2013 Lastschrift<\/p>\n\n\n\n<p>Lastschrift:<br>Im Falle einer vom Besteller zu vertretenden R\u00fccklastschrift erhebt die Der Theaterverlag \u2013 Friedrich Berlin GmbH einen pauschalierten Schadensersatz in H\u00f6he von 8 \u20ac (acht Euro). Der Besteller kann nachweisen, dass ein Schaden \u00fcberhaupt nicht entstanden oder wesentlich niedriger ist als die Pauschale. Die vorstehenden Regelungen gelten entsprechend f\u00fcr Zahlungen des Kaufpreises von Waren, die von Drittanbietern verkauft werden.<\/p>\n\n\n\n<p>Rechnung:<br>Zahlung auf Rechnung ist nur f\u00fcr Verbraucher ab 18 Jahren m\u00f6glich. Die Lieferadresse, die Hausanschrift und die Rechnungsadresse m\u00fcssen identisch sein und in folgenden L\u00e4ndern liegen: Deutschland, \u00d6sterreich<br>Der Rechnungsbetrag wird mit Erhalt der Rechnung f\u00e4llig. Der Theaterverlag \u2013 Friedrich Berlin GmbH beh\u00e4lt sich vor, im Einzelfall bestimmte Zahlungsweisen nicht anzubieten.<\/p>\n\n\n\n<p>Bei Zahlung auf Rechnung sowie in sonstigen F\u00e4llen bei berechtigtem Anlass pr\u00fcft und bewertet www.musical-today.de die Datenangaben der Besteller.<\/p>\n\n\n\n<p>(2) Bestimmte Zahlungsarten k\u00f6nnen im Einzelfall von dem Anbieter ausgeschlossen werden.<\/p>\n\n\n\n<p>(3) Dem Besteller ist nicht gestattet die Ware durch das Senden von Bargeld oder Schecks zu bezahlen.<\/p>\n\n\n\n<p>(4) Sollte der Besteller ein Online-Zahlungsverfahren w\u00e4hlen, erm\u00e4chtigt der Besteller den Anbieter dadurch, die f\u00e4lligen Betr\u00e4ge zum Zeitpunkt der Bestellung einzuziehen.<\/p>\n\n\n\n<p>(5) Sollte der Anbieter die Bezahlung per Lastschrift anbieten und der Besteller diese Zahlungsart w\u00e4hlen, erteilt der Besteller dem Anbieter ein SEPA Basismandat. Sollte es bei der Zahlung per Lastschrift zu einer R\u00fcckbuchung einer Zahlungstransaktion mangels Kontodeckung oder aufgrund falsch \u00fcbermittelter Daten der Bankverbindung kommen, so hat der Besteller daf\u00fcr die Kosten zu tragen.<\/p>\n\n\n\n<p>(6) Sollte der Besteller mit der Zahlung in Verzug kommen, so beh\u00e4lt sich der Anbieter die Geltendmachung des Verzugschadens vor.<\/p>\n\n\n\n<p><strong><br>Aufrechnung und Zur\u00fcckbehaltungsrecht<\/strong><\/p>\n\n\n\n<p>(1) Dem Besteller steht das Recht zur Aufrechnung nur zu, wenn die Gegenforderung des Bestellers rechtskr\u00e4ftig festgestellt worden ist oder von dem Anbieter nicht bestritten wurde.<\/p>\n\n\n\n<p>(2) Der Besteller kann ein Zur\u00fcckbehaltungsrecht nur aus\u00fcben, soweit Ihre Gegenforderung auf demselben Vertragsverh\u00e4ltnis beruht.<\/p>\n\n\n\n<p><strong><br>Eigentumsvorbehalt<\/strong><\/p>\n\n\n\n<p>Der Theaterverlag \u2013 Friedrich Berlin GmbH beh\u00e4lt sich das Eigentum an der Ware bis zur vollst\u00e4ndigen Bezahlung vor.<\/p>\n\n\n\n<p><strong><br>Gerichtsstand und anwendbares Recht<\/strong><\/p>\n\n\n\n<p>(1) F\u00fcr Meinungsverschiedenheiten und Streitigkeiten anl\u00e4sslich dieses Vertrages gilt ausschlie\u00dflich das Recht der Bundesrepublik Deutschland unter Ausschluss des UN-Kaufrechts.<\/p>\n\n\n\n<p>(2) Alleiniger Gerichtsstand bei Bestellungen von Kaufleuten, juristischen Personen des \u00f6ffentlichen Rechts oder \u00f6ffentlich-rechtlichen Sonderverm\u00f6gen ist der Sitz des Anbieters.<\/p>\n\n\n\n<p><strong><br>Schlussbestimmungen<\/strong><\/p>\n\n\n\n<p>(1) Vertragssprache ist deutsch.<\/p>\n\n\n\n<p>(2) Wir bieten keine Produkte oder Dienstleistungen zum Kauf durch Minderj\u00e4hrige an. Unsere Produkte f\u00fcr Kinder k\u00f6nnen nur von Erwachsenen gekauft werden. Falls Sie unter 18 sind, d\u00fcrfen Sie www.musical-today.de nur unter Mitwirkung eines Elternteils oder Erziehungsberechtigten nutzen.<\/p>\n\n\n\n<p>(3) Wenn Sie diese AGB verletzen und wir unternehmen hiergegen nichts, sind wir weiterhin berechtigt, von unseren Rechten bei jeder anderen Gelegenheit, in der Sie diese Verkaufsbedingungen verletzen, Gebrauch zu machen.<\/p>\n\n\n\n<p>(4) Wir behalten uns das Recht vor, \u00c4nderungen an unserer Webseite, Regelwerken, Bedingungen einschlie\u00dflich dieser AGB jederzeit vorzunehmen. Auf Ihre Bestellung finden jeweils die Verkaufsbedingungen, Vertragsbedingungen und AGB Anwendung, die zu dem Zeitpunkt Ihrer Bestellung in Kraft sind, es sei denn eine \u00c4nderung an diesen Bedingungen ist gesetzlich oder auf beh\u00f6rdliche Anordnung erforderlich (in diesem Fall finden sie auch auf Bestellungen Anwendung, die Sie zuvor get\u00e4tigt haben). Falls eine Regelung in diesen Verkaufsbedingungen unwirksam, nichtig oder aus irgendeinem Grund undurchsetzbar ist, gilt diese Regelung als trennbar und beeinflusst die G\u00fcltigkeit und Durchsetzbarkeit der verbleibenden Regelungen nicht.<\/p>\n\n\n\n<p>(5) Die Unwirksamkeit einer Bestimmung ber\u00fchrt die Wirksamkeit der anderen Bestimmungen aus dem Vertrag nicht. Sollte dieser Fall eintreten, soll die Bestimmung nach Sinn und Zweck durch eine andere rechtlich zul\u00e4ssige Bestimmung ersetzt werden, die dem Sinn und Zweck der unwirksamen Bestimmung entspricht.<\/p>","protected":false},"excerpt":{"rendered":"<p>A. Allgemeine Bedingungen (1) Der Theaterverlag \u2013 Friedrich Berlin GmbH stellt Leistungen gegen\u00fcber Unternehmern und Verbrauchern (nachstehend auch \u201eVertragspartner\u201c) zur Verf\u00fcgung. Die nachfolgenden Bedingungen gelten f\u00fcr alle Vertr\u00e4ge zwischen Der Theaterverlag \u2013 Friedrich Berlin GmbH und dem Vertragspartner erg\u00e4nzend zu den Vertragsbedingungen unter Punkt B. Entgegenstehende oder von diesen Bedingungen abweichende Gesch\u00e4ftsbedingungen des Vertragspartners werden von Der Theaterverlag \u2013 Friedrich Berlin GmbH vorbehaltlich einer anderweitig ausdr\u00fccklichen Vereinbarung nicht anerkannt. (2) Die Vertragssprache ist deutsch. (3) F\u00fcr Unternehmerkunden gilt: Als Erf\u00fcllungsort [&hellip;]<\/p>\n","protected":false},"author":1,"featured_media":0,"parent":0,"menu_order":0,"comment_status":"closed","ping_status":"closed","template":"","meta":{"tpgb_global_settings":"","footnotes":""},"class_list":["post-3395","page","type-page","status-publish","hentry"],"tpgb_featured_images":null,"tpgb_post_meta_info":{"get_date":"21.03.2024","get_modified_date":"08.02.2026","author_name":"Redaktion","author_url":"https:\/\/www.musical-today.de\/en\/autor\/condeadmin\/","author_email":"mail@valentinboesing.de","author_website":"","author_description":"","author_facebook":"","author_twitter":"","author_instagram":"","author_role":["administrator"],"author_firstname":"Administrator","author_lastname":"","user_login":"condeadmin","author_avatar":"<img src=\"https:\/\/www.musical-today.de\/wp-content\/uploads\/2024\/03\/avatar-default.1024x1024-293x293.png\" width=\"200\" height=\"200\" alt=\"Avatar\" class=\"avatar avatar-200 wp-user-avatar wp-user-avatar-200 photo avatar-default\" \/>","author_avatar_url":"https:\/\/www.musical-today.de\/wp-content\/uploads\/2024\/03\/avatar-default.1024x1024-100x100.png","comment_count":0,"post_likes":0,"post_views":0},"tpgb_post_category":[],"_links":{"self":[{"href":"https:\/\/www.musical-today.de\/en\/wp-json\/wp\/v2\/pages\/3395","targetHints":{"allow":["GET"]}}],"collection":[{"href":"https:\/\/www.musical-today.de\/en\/wp-json\/wp\/v2\/pages"}],"about":[{"href":"https:\/\/www.musical-today.de\/en\/wp-json\/wp\/v2\/types\/page"}],"author":[{"embeddable":true,"href":"https:\/\/www.musical-today.de\/en\/wp-json\/wp\/v2\/users\/1"}],"replies":[{"embeddable":true,"href":"https:\/\/www.musical-today.de\/en\/wp-json\/wp\/v2\/comments?post=3395"}],"version-history":[{"count":3,"href":"https:\/\/www.musical-today.de\/en\/wp-json\/wp\/v2\/pages\/3395\/revisions"}],"predecessor-version":[{"id":13914,"href":"https:\/\/www.musical-today.de\/en\/wp-json\/wp\/v2\/pages\/3395\/revisions\/13914"}],"wp:attachment":[{"href":"https:\/\/www.musical-today.de\/en\/wp-json\/wp\/v2\/media?parent=3395"}],"curies":[{"name":"wp","href":"https:\/\/api.w.org\/{rel}","templated":true}]}}