{"id":4749,"date":"2024-03-25T16:42:27","date_gmt":"2024-03-25T15:42:27","guid":{"rendered":"https:\/\/www.musical-today.de\/?page_id=4749"},"modified":"2026-04-03T11:23:04","modified_gmt":"2026-04-03T09:23:04","slug":"das-magazin","status":"publish","type":"page","link":"https:\/\/www.musical-today.de\/en\/das-magazin\/","title":{"rendered":"The Magazine"},"content":{"rendered":"<p><strong>Wir feiern das Musical&nbsp;<\/strong>\u2013 zusammen mit allen, die Musical lieben. In viertelj\u00e4hrlicher Erscheinungsweise \u2013 Mitte Februar, Mai, August und November \u2013 liefern wir auf 100 gedruckten Seiten spannende Hintergrundberichte, launige Star-Interviews, historische Sch\u00e4tze, sowie Buch- und CD-Besprechungen \u2013&nbsp;\u00fcppig illustriert und mit ausgew\u00e4hlten Premierenkritiken \u201egarniert\u201c. <\/p>\n\n\n\n<p>MUSICAL TODAY erz\u00e4hlt Geschichten \u00fcber Macher und Fans und ist mit einer lebendigen Webseite dar\u00fcberhinaus aktuelle Informationsquelle f\u00fcr alle, die zeitnah \u00fcber die neuesten Produktionen im In- und Ausland informiert sein m\u00f6chten.&nbsp;<\/p>\n\n\n\n<p>Gegr\u00fcndet im M\u00e4rz 2024 im Augsburger Orpheus Verlag, begeistert das 40-k\u00f6pfige Redaktionsteam um Chefredakteurin Iris Steiner mit MUSICAL TODAY bereits nach kurzer Zeit&nbsp;eine beeindruckende Zahl von Lesern. Seit Beginn 2025 erscheint MUSICAL TODAY im Theaterverlag Friedrich Berlin.<\/p>\n\n\n\n<h1 class=\"wp-block-heading has-text-align-center\">\u201eWir\u201c<\/h1>\n\n\n\n<p>\u2026 das sind Chefredakteurin Iris Steiner, Redaktionsleiter Florian Maier und Art-Direktorin Silvia Murauer, die den \u201eMagazin-Look\u201c verantwortet. <\/p>","protected":false},"excerpt":{"rendered":"<p>Wir feiern das Musical&nbsp;\u2013 zusammen mit allen, die Musical lieben. In viertelj\u00e4hrlicher Erscheinungsweise \u2013 Mitte Februar, Mai, August und November \u2013 liefern wir auf 100 gedruckten Seiten spannende Hintergrundberichte, launige Star-Interviews, historische Sch\u00e4tze, sowie Buch- und CD-Besprechungen \u2013&nbsp;\u00fcppig illustriert und mit ausgew\u00e4hlten Premierenkritiken \u201egarniert\u201c. MUSICAL TODAY erz\u00e4hlt Geschichten \u00fcber Macher und Fans und ist mit einer lebendigen Webseite dar\u00fcberhinaus aktuelle Informationsquelle f\u00fcr alle, die zeitnah \u00fcber die neuesten Produktionen im In- und Ausland informiert sein m\u00f6chten.&nbsp; Gegr\u00fcndet im M\u00e4rz 2024 [&hellip;]<\/p>\n","protected":false},"author":1,"featured_media":0,"parent":0,"menu_order":0,"comment_status":"closed","ping_status":"closed","template":"","meta":{"tpgb_global_settings":"","footnotes":""},"class_list":["post-4749","page","type-page","status-publish","hentry"],"tpgb_featured_images":null,"tpgb_post_meta_info":{"get_date":"25.03.2024","get_modified_date":"03.04.2026","author_name":"Redaktion","author_url":"https:\/\/www.musical-today.de\/en\/autor\/condeadmin\/","author_email":"mail@valentinboesing.de","author_website":"","author_description":"","author_facebook":"","author_twitter":"","author_instagram":"","author_role":["administrator"],"author_firstname":"Administrator","author_lastname":"","user_login":"condeadmin","author_avatar":"<img src=\"https:\/\/www.musical-today.de\/wp-content\/uploads\/2024\/03\/avatar-default.1024x1024-293x293.png\" width=\"200\" height=\"200\" alt=\"Avatar\" class=\"avatar avatar-200 wp-user-avatar wp-user-avatar-200 photo avatar-default\" \/>","author_avatar_url":"https:\/\/www.musical-today.de\/wp-content\/uploads\/2024\/03\/avatar-default.1024x1024-100x100.png","comment_count":0,"post_likes":0,"post_views":0},"tpgb_post_category":[],"_links":{"self":[{"href":"https:\/\/www.musical-today.de\/en\/wp-json\/wp\/v2\/pages\/4749","targetHints":{"allow":["GET"]}}],"collection":[{"href":"https:\/\/www.musical-today.de\/en\/wp-json\/wp\/v2\/pages"}],"about":[{"href":"https:\/\/www.musical-today.de\/en\/wp-json\/wp\/v2\/types\/page"}],"author":[{"embeddable":true,"href":"https:\/\/www.musical-today.de\/en\/wp-json\/wp\/v2\/users\/1"}],"replies":[{"embeddable":true,"href":"https:\/\/www.musical-today.de\/en\/wp-json\/wp\/v2\/comments?post=4749"}],"version-history":[{"count":1,"href":"https:\/\/www.musical-today.de\/en\/wp-json\/wp\/v2\/pages\/4749\/revisions"}],"predecessor-version":[{"id":14185,"href":"https:\/\/www.musical-today.de\/en\/wp-json\/wp\/v2\/pages\/4749\/revisions\/14185"}],"wp:attachment":[{"href":"https:\/\/www.musical-today.de\/en\/wp-json\/wp\/v2\/media?parent=4749"}],"curies":[{"name":"wp","href":"https:\/\/api.w.org\/{rel}","templated":true}]}}