{"id":7345,"date":"2024-08-14T18:17:53","date_gmt":"2024-08-14T16:17:53","guid":{"rendered":"https:\/\/www.musical-today.de\/?page_id=7345"},"modified":"2025-12-09T23:39:07","modified_gmt":"2025-12-09T22:39:07","slug":"shop","status":"publish","type":"page","link":"https:\/\/www.musical-today.de\/en\/shop\/","title":{"rendered":"Shop"},"content":{"rendered":"\t\t<div data-elementor-type=\"wp-page\" data-elementor-id=\"7345\" class=\"elementor elementor-7345\" data-elementor-post-type=\"page\">\n\t\t\t\t<div class=\"elementor-element elementor-element-a2d48ab e-flex e-con-boxed e-con e-parent\" data-id=\"a2d48ab\" data-element_type=\"container\" data-e-type=\"container\">\n\t\t\t\t\t<div class=\"e-con-inner\">\n\t\t\t\t<div class=\"elementor-element elementor-element-3d05ada elementor-widget elementor-widget-spacer\" data-id=\"3d05ada\" data-element_type=\"widget\" data-e-type=\"widget\" data-widget_type=\"spacer.default\">\n\t\t\t\t<div class=\"elementor-widget-container\">\n\t\t\t\t\t\t\t<div class=\"elementor-spacer\">\n\t\t\t<div class=\"elementor-spacer-inner\"><\/div>\n\t\t<\/div>\n\t\t\t\t\t\t<\/div>\n\t\t\t\t<\/div>\n\t\t\t\t<div class=\"elementor-element elementor-element-ffbbed8 elementor-widget elementor-widget-heading\" data-id=\"ffbbed8\" data-element_type=\"widget\" data-e-type=\"widget\" data-widget_type=\"heading.default\">\n\t\t\t\t<div class=\"elementor-widget-container\">\n\t\t\t\t\t<h1 class=\"elementor-heading-title elementor-size-default\">Shop<\/h1>\t\t\t\t<\/div>\n\t\t\t\t<\/div>\n\t\t\t\t\t<\/div>\n\t\t\t\t<\/div>\n\t\t<div class=\"elementor-element elementor-element-7cb38a4 e-flex e-con-boxed e-con e-parent\" data-id=\"7cb38a4\" data-element_type=\"container\" data-e-type=\"container\" data-settings=\"{&quot;background_background&quot;:&quot;classic&quot;,&quot;background_motion_fx_motion_fx_scrolling&quot;:&quot;yes&quot;,&quot;background_motion_fx_translateY_effect&quot;:&quot;yes&quot;,&quot;background_motion_fx_translateY_direction&quot;:&quot;negative&quot;,&quot;background_motion_fx_translateY_speed&quot;:{&quot;unit&quot;:&quot;px&quot;,&quot;size&quot;:4,&quot;sizes&quot;:[]},&quot;background_motion_fx_translateY_affectedRange&quot;:{&quot;unit&quot;:&quot;%&quot;,&quot;size&quot;:&quot;&quot;,&quot;sizes&quot;:{&quot;start&quot;:0,&quot;end&quot;:100}},&quot;background_motion_fx_devices&quot;:[&quot;desktop&quot;,&quot;tablet&quot;,&quot;mobile&quot;]}\">\n\t\t\t\t\t<div class=\"e-con-inner\">\n\t\t<div class=\"elementor-element elementor-element-9f53b75 e-con-full e-flex e-con e-child\" data-id=\"9f53b75\" data-element_type=\"container\" data-e-type=\"container\">\n\t\t\t\t<div class=\"elementor-element elementor-element-404936e elementor-widget__width-initial elementor-widget elementor-widget-ha-pricing-table happy-addon ha-pricing-table\" data-id=\"404936e\" data-element_type=\"widget\" data-e-type=\"widget\" data-widget_type=\"ha-pricing-table.default\">\n\t\t\t\t<div class=\"elementor-widget-container\">\n\t\t\t\t\t\n\t\t\t\t\t<span class=\"ha-pricing-table-badge ha-pricing-table-badge--right\">Empfohlen<\/span>\n\t\t\n\t\t<div class=\"ha-pricing-table-header\">\n\t\t\t\t\t\t\t<h2 class=\"ha-pricing-table-title\">Jahresabo<\/h2>\t\t\t\t\t<\/div>\n\t\t<div class=\"ha-pricing-table-price\">\n\t\t\t<div class=\"ha-pricing-table-price-tag\"><span class=\"ha-pricing-table-currency\">&#128;<\/span><span class=\"ha-pricing-table-price-text\">47,60<\/span><\/div>\n\t\t\t\t\t\t\t<div class=\"ha-pricing-table-period\">inkl. 7 % MwSt.<\/div>\n\t\t\t\t\t<\/div>\n\t\t<div class=\"ha-pricing-table-body\">\n\t\t\t\n\t\t\t\t\t\t\t<ul class=\"ha-pricing-table-features-list\">\n\t\t\t\t\t\t\t\t\t\t\t<li class=\"elementor-repeater-item-2ba97d5\">\n\t\t\t\t\t\t\t<svg class=\"e-font-icon-svg e-fas-check\" viewBox=\"0 0 512 512\" xmlns=\"http:\/\/www.w3.org\/2000\/svg\"><path d=\"M173.898 439.404l-166.4-166.4c-9.997-9.997-9.997-26.206 0-36.204l36.203-36.204c9.997-9.998 26.207-9.998 36.204 0L192 312.69 432.095 72.596c9.997-9.997 26.207-9.997 36.204 0l36.203 36.204c9.997 9.997 9.997 26.206 0 36.204l-294.4 294.401c-9.998 9.997-26.207 9.997-36.204-.001z\"><\/path><\/svg>\t\t\t\t\t\t\t<div class=\"ha-pricing-table-feature-text\">Plus Gratispr\u00e4mie: CD \u201eHerz aus Gold \u2013 Das Fuggermusical\u201c<\/div>\n\t\t\t\t\t\t<\/li>\n\t\t\t\t\t\t\t\t\t\t\t<li class=\"elementor-repeater-item-864f7e7\">\n\t\t\t\t\t\t\t<svg class=\"e-font-icon-svg e-fas-check\" viewBox=\"0 0 512 512\" xmlns=\"http:\/\/www.w3.org\/2000\/svg\"><path d=\"M173.898 439.404l-166.4-166.4c-9.997-9.997-9.997-26.206 0-36.204l36.203-36.204c9.997-9.998 26.207-9.998 36.204 0L192 312.69 432.095 72.596c9.997-9.997 26.207-9.997 36.204 0l36.203 36.204c9.997 9.997 9.997 26.206 0 36.204l-294.4 294.401c-9.998 9.997-26.207 9.997-36.204-.001z\"><\/path><\/svg>\t\t\t\t\t\t\t<div class=\"ha-pricing-table-feature-text\">Komplettpreis f\u00fcr 4 Printausgaben pro Jahr \u2013 portofrei!<\/div>\n\t\t\t\t\t\t<\/li>\n\t\t\t\t\t\t\t\t\t\t\t<li class=\"elementor-repeater-item-9b4bd41\">\n\t\t\t\t\t\t\t<svg class=\"e-font-icon-svg e-fas-check\" viewBox=\"0 0 512 512\" xmlns=\"http:\/\/www.w3.org\/2000\/svg\"><path d=\"M173.898 439.404l-166.4-166.4c-9.997-9.997-9.997-26.206 0-36.204l36.203-36.204c9.997-9.998 26.207-9.998 36.204 0L192 312.69 432.095 72.596c9.997-9.997 26.207-9.997 36.204 0l36.203 36.204c9.997 9.997 9.997 26.206 0 36.204l-294.4 294.401c-9.998 9.997-26.207 9.997-36.204-.001z\"><\/path><\/svg>\t\t\t\t\t\t\t<div class=\"ha-pricing-table-feature-text\">Abopreis au\u00dferhalb Deutschlands: 62,60 \u20ac inkl. Porto<\/div>\n\t\t\t\t\t\t<\/li>\n\t\t\t\t\t\t\t\t\t<\/ul>\n\t\t\t\t\t<\/div>\n\n\t\t\t\t\t<a class=\"ha-pricing-table-btn\" href=\"#elementor-action%3Aaction%3Dpopup%3Aopen%26settings%3DeyJpZCI6Ijc0MTkiLCJ0b2dnbGUiOmZhbHNlfQ%3D%3D\">Abonnieren<\/a>\n\t\t\n\t\t\t\t\t\t<\/div>\n\t\t\t\t<\/div>\n\t\t\t\t<\/div>\n\t\t<div class=\"elementor-element elementor-element-a713ac7 e-con-full e-flex e-con e-child\" data-id=\"a713ac7\" data-element_type=\"container\" data-e-type=\"container\">\n\t\t\t\t<div class=\"elementor-element elementor-element-6ebde60 elementor-widget__width-initial elementor-widget elementor-widget-ha-pricing-table happy-addon ha-pricing-table\" data-id=\"6ebde60\" data-element_type=\"widget\" data-e-type=\"widget\" data-widget_type=\"ha-pricing-table.default\">\n\t\t\t\t<div class=\"elementor-widget-container\">\n\t\t\t\t\t\n\t\t\n\t\t<div class=\"ha-pricing-table-header\">\n\t\t\t\t\t\t\t<h2 class=\"ha-pricing-table-title\">Einzelheft<\/h2>\t\t\t\t\t<\/div>\n\t\t<div class=\"ha-pricing-table-price\">\n\t\t\t<div class=\"ha-pricing-table-price-tag\"><span class=\"ha-pricing-table-currency\">&#128;<\/span><span class=\"ha-pricing-table-price-text\">11,90<\/span><\/div>\n\t\t\t\t\t\t\t<div class=\"ha-pricing-table-period\">pro Heft  \u2013 inkl. 7 % MwSt.<\/div>\n\t\t\t\t\t<\/div>\n\t\t<div class=\"ha-pricing-table-body\">\n\t\t\t\n\t\t\t\t\t\t\t<ul class=\"ha-pricing-table-features-list\">\n\t\t\t\t\t\t\t\t\t\t\t<li class=\"elementor-repeater-item-9b4bd41\">\n\t\t\t\t\t\t\t<svg class=\"e-font-icon-svg e-fas-check\" viewBox=\"0 0 512 512\" xmlns=\"http:\/\/www.w3.org\/2000\/svg\"><path d=\"M173.898 439.404l-166.4-166.4c-9.997-9.997-9.997-26.206 0-36.204l36.203-36.204c9.997-9.998 26.207-9.998 36.204 0L192 312.69 432.095 72.596c9.997-9.997 26.207-9.997 36.204 0l36.203 36.204c9.997 9.997 9.997 26.206 0 36.204l-294.4 294.401c-9.998 9.997-26.207 9.997-36.204-.001z\"><\/path><\/svg>\t\t\t\t\t\t\t<div class=\"ha-pricing-table-feature-text\">DEINE Printausgabe<\/div>\n\t\t\t\t\t\t<\/li>\n\t\t\t\t\t\t\t\t\t\t\t<li class=\"elementor-repeater-item-3bb794d\">\n\t\t\t\t\t\t\t<svg class=\"e-font-icon-svg e-fas-check\" viewBox=\"0 0 512 512\" xmlns=\"http:\/\/www.w3.org\/2000\/svg\"><path d=\"M173.898 439.404l-166.4-166.4c-9.997-9.997-9.997-26.206 0-36.204l36.203-36.204c9.997-9.998 26.207-9.998 36.204 0L192 312.69 432.095 72.596c9.997-9.997 26.207-9.997 36.204 0l36.203 36.204c9.997 9.997 9.997 26.206 0 36.204l-294.4 294.401c-9.998 9.997-26.207 9.997-36.204-.001z\"><\/path><\/svg>\t\t\t\t\t\t\t<div class=\"ha-pricing-table-feature-text\">13,50 \u20ac im EU-Ausland und weltweit, 13,90 sfr in der Schweiz<\/div>\n\t\t\t\t\t\t<\/li>\n\t\t\t\t\t\t\t\t\t\t\t<li class=\"elementor-repeater-item-e70b10e\">\n\t\t\t\t\t\t\t<svg class=\"e-font-icon-svg e-fas-check\" viewBox=\"0 0 512 512\" xmlns=\"http:\/\/www.w3.org\/2000\/svg\"><path d=\"M173.898 439.404l-166.4-166.4c-9.997-9.997-9.997-26.206 0-36.204l36.203-36.204c9.997-9.998 26.207-9.998 36.204 0L192 312.69 432.095 72.596c9.997-9.997 26.207-9.997 36.204 0l36.203 36.204c9.997 9.997 9.997 26.206 0 36.204l-294.4 294.401c-9.998 9.997-26.207 9.997-36.204-.001z\"><\/path><\/svg>\t\t\t\t\t\t\t<div class=\"ha-pricing-table-feature-text\">zzgl. 2,00 \u20ac Versandkosten national (4,00 \u20ac in der EU und weltweit, 4,00 sfr in der Schweiz)<\/div>\n\t\t\t\t\t\t<\/li>\n\t\t\t\t\t\t\t\t\t<\/ul>\n\t\t\t\t\t<\/div>\n\n\t\t\t\t\t<a class=\"ha-pricing-table-btn\" href=\"#elementor-action%3Aaction%3Dpopup%3Aopen%26settings%3DeyJpZCI6Ijc0OTIiLCJ0b2dnbGUiOmZhbHNlfQ%3D%3D\">Bestellen<\/a>\n\t\t\n\t\t\t\t\t\t<\/div>\n\t\t\t\t<\/div>\n\t\t\t\t<\/div>\n\t\t\t\t\t<\/div>\n\t\t\t\t<\/div>\n\t\t<div class=\"elementor-element elementor-element-3ef905a e-flex e-con-boxed e-con e-parent\" data-id=\"3ef905a\" data-element_type=\"container\" data-e-type=\"container\">\n\t\t\t\t\t<div class=\"e-con-inner\">\n\t\t\t\t<div class=\"elementor-element elementor-element-3b55787 elementor-widget-divider--view-line elementor-widget elementor-widget-divider\" data-id=\"3b55787\" data-element_type=\"widget\" data-e-type=\"widget\" data-widget_type=\"divider.default\">\n\t\t\t\t<div class=\"elementor-widget-container\">\n\t\t\t\t\t\t\t<div class=\"elementor-divider\">\n\t\t\t<span class=\"elementor-divider-separator\">\n\t\t\t\t\t\t<\/span>\n\t\t<\/div>\n\t\t\t\t\t\t<\/div>\n\t\t\t\t<\/div>\n\t\t\t\t<div class=\"elementor-element elementor-element-d3d4949 elementor-widget elementor-widget-heading\" data-id=\"d3d4949\" data-element_type=\"widget\" data-e-type=\"widget\" id=\"bedingungen\" data-widget_type=\"heading.default\">\n\t\t\t\t<div class=\"elementor-widget-container\">\n\t\t\t\t\t<h1 class=\"elementor-heading-title elementor-size-default\">Bestellbedingungen<\/h1>\t\t\t\t<\/div>\n\t\t\t\t<\/div>\n\t\t\t\t\t<\/div>\n\t\t\t\t<\/div>\n\t\t<div class=\"elementor-element elementor-element-9843ab5 e-flex e-con-boxed e-con e-parent\" data-id=\"9843ab5\" data-element_type=\"container\" data-e-type=\"container\">\n\t\t\t\t\t<div class=\"e-con-inner\">\n\t\t\t\t<div class=\"elementor-element elementor-element-c466bee hoverAccordion elementor-widget elementor-widget-n-accordion\" data-id=\"c466bee\" data-element_type=\"widget\" data-e-type=\"widget\" data-settings=\"{&quot;default_state&quot;:&quot;all_collapsed&quot;,&quot;max_items_expended&quot;:&quot;one&quot;,&quot;n_accordion_animation_duration&quot;:{&quot;unit&quot;:&quot;ms&quot;,&quot;size&quot;:400,&quot;sizes&quot;:[]}}\" data-widget_type=\"nested-accordion.default\">\n\t\t\t\t<div class=\"elementor-widget-container\">\n\t\t\t\t\t\t\t<div class=\"e-n-accordion\" aria-label=\"Accordion. Open links with Enter or Space, close with Escape, and navigate with Arrow Keys\">\n\t\t\t\t\t\t<details id=\"e-n-accordion-item-2050\" class=\"e-n-accordion-item\" >\n\t\t\t\t<summary class=\"e-n-accordion-item-title\" data-accordion-index=\"1\" tabindex=\"0\" aria-expanded=\"false\" aria-controls=\"e-n-accordion-item-2050\" >\n\t\t\t\t\t<span class='e-n-accordion-item-title-header'><div class=\"e-n-accordion-item-title-text\"> Preise und Lieferbedingungen <\/div><\/span>\n\t\t\t\t\t\t\t<span class='e-n-accordion-item-title-icon'>\n\t\t\t<span class='e-opened' ><svg aria-hidden=\"true\" class=\"e-font-icon-svg e-fas-minus\" viewBox=\"0 0 448 512\" xmlns=\"http:\/\/www.w3.org\/2000\/svg\"><path d=\"M416 208H32c-17.67 0-32 14.33-32 32v32c0 17.67 14.33 32 32 32h384c17.67 0 32-14.33 32-32v-32c0-17.67-14.33-32-32-32z\"><\/path><\/svg><\/span>\n\t\t\t<span class='e-closed'><svg aria-hidden=\"true\" class=\"e-font-icon-svg e-fas-plus\" viewBox=\"0 0 448 512\" xmlns=\"http:\/\/www.w3.org\/2000\/svg\"><path d=\"M416 208H272V64c0-17.67-14.33-32-32-32h-32c-17.67 0-32 14.33-32 32v144H32c-17.67 0-32 14.33-32 32v32c0 17.67 14.33 32 32 32h144v144c0 17.67 14.33 32 32 32h32c17.67 0 32-14.33 32-32V304h144c17.67 0 32-14.33 32-32v-32c0-17.67-14.33-32-32-32z\"><\/path><\/svg><\/span>\n\t\t<\/span>\n\n\t\t\t\t\t\t<\/summary>\n\t\t\t\t<div role=\"region\" aria-labelledby=\"e-n-accordion-item-2050\" class=\"elementor-element elementor-element-f485f5d e-con-full e-flex e-con e-child\" data-id=\"f485f5d\" data-element_type=\"container\" data-e-type=\"container\">\n\t\t<div role=\"region\" aria-labelledby=\"e-n-accordion-item-2050\" class=\"elementor-element elementor-element-9c81b45 e-flex e-con-boxed e-con e-child\" data-id=\"9c81b45\" data-element_type=\"container\" data-e-type=\"container\">\n\t\t\t\t\t<div class=\"e-con-inner\">\n\t\t\t\t<div class=\"elementor-element elementor-element-a7940f0 elementor-widget elementor-widget-text-editor\" data-id=\"a7940f0\" data-element_type=\"widget\" data-e-type=\"widget\" data-widget_type=\"text-editor.default\">\n\t\t\t\t<div class=\"elementor-widget-container\">\n\t\t\t\t\t\t\t\t\t<p><strong>Einzelheft<\/strong> 11,90 \u20ac (13,50 \u20ac im EU-Ausland, 13,90 sfr in der Schweiz). Zzgl. 2,00 \u20ac Versandkosten national (4,00 \u20ac in der EU und weltweit, 4,00 sfr in der Schweiz)<br \/><br \/><\/p><p><strong>Jahresabonnement<\/strong> (4 Ausgaben) in Deutschland 47,60 \u20ac. Im Ausland 62,60 \u20ac. Inklusive Porto.<br \/><br \/><\/p><p>Alle Preise inkl. 7 % MwSt.<br \/><br \/><\/p><p>Zahlbar per Rechnung (Bank\u00fcberweisung).<br \/><br \/>Lieferzeit: 3-4 Werktage<\/p><p><em><br \/>Mehrkosten f\u00fcr Luftpostzustellung auf Anfrage. Vergriffene Exemplare k\u00f6nnen, solange der Vorrat reicht, beim Verlag nachbestellt werden.<\/em><\/p>\t\t\t\t\t\t\t\t<\/div>\n\t\t\t\t<\/div>\n\t\t\t\t\t<\/div>\n\t\t\t\t<\/div>\n\t\t\t\t<\/div>\n\t\t\t\t\t<\/details>\n\t\t\t\t\t\t<details id=\"e-n-accordion-item-2051\" class=\"e-n-accordion-item\" >\n\t\t\t\t<summary class=\"e-n-accordion-item-title\" data-accordion-index=\"2\" tabindex=\"-1\" aria-expanded=\"false\" aria-controls=\"e-n-accordion-item-2051\" >\n\t\t\t\t\t<span class='e-n-accordion-item-title-header'><div class=\"e-n-accordion-item-title-text\"> Laufzeit und K\u00fcndigung <\/div><\/span>\n\t\t\t\t\t\t\t<span class='e-n-accordion-item-title-icon'>\n\t\t\t<span class='e-opened' ><svg aria-hidden=\"true\" class=\"e-font-icon-svg e-fas-minus\" viewBox=\"0 0 448 512\" xmlns=\"http:\/\/www.w3.org\/2000\/svg\"><path d=\"M416 208H32c-17.67 0-32 14.33-32 32v32c0 17.67 14.33 32 32 32h384c17.67 0 32-14.33 32-32v-32c0-17.67-14.33-32-32-32z\"><\/path><\/svg><\/span>\n\t\t\t<span class='e-closed'><svg aria-hidden=\"true\" class=\"e-font-icon-svg e-fas-plus\" viewBox=\"0 0 448 512\" xmlns=\"http:\/\/www.w3.org\/2000\/svg\"><path d=\"M416 208H272V64c0-17.67-14.33-32-32-32h-32c-17.67 0-32 14.33-32 32v144H32c-17.67 0-32 14.33-32 32v32c0 17.67 14.33 32 32 32h144v144c0 17.67 14.33 32 32 32h32c17.67 0 32-14.33 32-32V304h144c17.67 0 32-14.33 32-32v-32c0-17.67-14.33-32-32-32z\"><\/path><\/svg><\/span>\n\t\t<\/span>\n\n\t\t\t\t\t\t<\/summary>\n\t\t\t\t<div role=\"region\" aria-labelledby=\"e-n-accordion-item-2051\" class=\"elementor-element elementor-element-bfb9776 e-con-full e-flex e-con e-child\" data-id=\"bfb9776\" data-element_type=\"container\" data-e-type=\"container\">\n\t\t<div role=\"region\" aria-labelledby=\"e-n-accordion-item-2051\" class=\"elementor-element elementor-element-556bd06 e-flex e-con-boxed e-con e-child\" data-id=\"556bd06\" data-element_type=\"container\" data-e-type=\"container\">\n\t\t\t\t\t<div class=\"e-con-inner\">\n\t\t\t\t<div class=\"elementor-element elementor-element-5803aeb elementor-widget elementor-widget-text-editor\" data-id=\"5803aeb\" data-element_type=\"widget\" data-e-type=\"widget\" data-widget_type=\"text-editor.default\">\n\t\t\t\t<div class=\"elementor-widget-container\">\n\t\t\t\t\t\t\t\t\t<p>Jahresabonnements verl\u00e4ngern sich jeweils um ein Jahr, wenn sie nicht fristgem\u00e4\u00df gek\u00fcndigt werden. Kunden k\u00f6nnen ihr Abonnement jederzeit mit einer Frist von 6 Wochen zum Ende des Bezugszeitraums k\u00fcndigen. F\u00fcr die K\u00fcndigungserkl\u00e4rung gen\u00fcgt eine schriftliche Mitteilung an den Theaterverlag \u00fcber folgendes Formular: <span style=\"color: #d4a52e;\"><a style=\"color: #d4a52e;\" href=\"https:\/\/www.der-theaterverlag.de\/abo-kuendigen\/\" target=\"_blank\" rel=\"noopener noreferrer nofollow\">Abo k\u00fcndigen<\/a><\/span>.<\/p><p>\u00a0<\/p><p>Sie haben bis zum Ablauf Ihres Abrechnungszeitraums weiterhin die M\u00f6glichkeit, Ihr Abonnement zu nutzen. R\u00fcckerstattungen oder Gutschriften werden nicht gew\u00e4hrt. Der Anbieter kann das Abonnement jederzeit mit einer Frist von 14 Tagen zum Monatsende k\u00fcndigen. Das Recht zur Sperrung bleibt hiervon unber\u00fchrt.<\/p><p>\u00a0<\/p><p>Weitere Informationen finden Sie unter: <a href=\"http:\/\/www.musical-today.de\/agb\" target=\"_blank\" rel=\"noopener noreferrer nofollow\"><span style=\"color: #d4a52e;\">www.musical-today.de\/agb<\/span><\/a><\/p>\t\t\t\t\t\t\t\t<\/div>\n\t\t\t\t<\/div>\n\t\t\t\t\t<\/div>\n\t\t\t\t<\/div>\n\t\t\t\t<\/div>\n\t\t\t\t\t<\/details>\n\t\t\t\t\t<\/div>\n\t\t\t\t\t\t<\/div>\n\t\t\t\t<\/div>\n\t\t\t\t\t<\/div>\n\t\t\t\t<\/div>\n\t\t\t\t<\/div>\n\t\t","protected":false},"excerpt":{"rendered":"<p>Shop Empfohlen Jahresabo &#8364;47,60 inkl. 7 % MwSt. Plus Gratispr\u00e4mie: CD \u201eHerz aus Gold \u2013 Das Fuggermusical\u201c Komplettpreis f\u00fcr 4 Printausgaben pro Jahr \u2013 portofrei! Abopreis au\u00dferhalb Deutschlands: 62,60 \u20ac inkl. Porto Abonnieren Einzelheft &#8364;11,90 pro Heft \u2013 inkl. 7 % MwSt. DEINE Printausgabe 13,50 \u20ac im EU-Ausland und weltweit, 13,90 sfr in der Schweiz zzgl. 2,00 \u20ac Versandkosten national (4,00 \u20ac in der EU und weltweit, 4,00 sfr in der Schweiz) Bestellen Bestellbedingungen Preise und Lieferbedingungen Einzelheft 11,90 \u20ac [&hellip;]<\/p>\n","protected":false},"author":1,"featured_media":0,"parent":0,"menu_order":0,"comment_status":"closed","ping_status":"closed","template":"elementor_header_footer","meta":{"tpgb_global_settings":"","footnotes":""},"class_list":["post-7345","page","type-page","status-publish","hentry"],"tpgb_featured_images":null,"tpgb_post_meta_info":{"get_date":"14.08.2024","get_modified_date":"09.12.2025","author_name":"Redaktion","author_url":"https:\/\/www.musical-today.de\/en\/autor\/condeadmin\/","author_email":"mail@valentinboesing.de","author_website":"","author_description":"","author_facebook":"","author_twitter":"","author_instagram":"","author_role":["administrator"],"author_firstname":"Administrator","author_lastname":"","user_login":"condeadmin","author_avatar":"<img src=\"https:\/\/www.musical-today.de\/wp-content\/uploads\/2024\/03\/avatar-default.1024x1024-293x293.png\" width=\"200\" height=\"200\" alt=\"Avatar\" class=\"avatar avatar-200 wp-user-avatar wp-user-avatar-200 photo avatar-default\" \/>","author_avatar_url":"https:\/\/www.musical-today.de\/wp-content\/uploads\/2024\/03\/avatar-default.1024x1024-100x100.png","comment_count":0,"post_likes":0,"post_views":0},"tpgb_post_category":[],"_links":{"self":[{"href":"https:\/\/www.musical-today.de\/en\/wp-json\/wp\/v2\/pages\/7345","targetHints":{"allow":["GET"]}}],"collection":[{"href":"https:\/\/www.musical-today.de\/en\/wp-json\/wp\/v2\/pages"}],"about":[{"href":"https:\/\/www.musical-today.de\/en\/wp-json\/wp\/v2\/types\/page"}],"author":[{"embeddable":true,"href":"https:\/\/www.musical-today.de\/en\/wp-json\/wp\/v2\/users\/1"}],"replies":[{"embeddable":true,"href":"https:\/\/www.musical-today.de\/en\/wp-json\/wp\/v2\/comments?post=7345"}],"version-history":[{"count":6,"href":"https:\/\/www.musical-today.de\/en\/wp-json\/wp\/v2\/pages\/7345\/revisions"}],"predecessor-version":[{"id":13625,"href":"https:\/\/www.musical-today.de\/en\/wp-json\/wp\/v2\/pages\/7345\/revisions\/13625"}],"wp:attachment":[{"href":"https:\/\/www.musical-today.de\/en\/wp-json\/wp\/v2\/media?parent=7345"}],"curies":[{"name":"wp","href":"https:\/\/api.w.org\/{rel}","templated":true}]}}