{"id":943,"date":"2022-10-04T15:16:05","date_gmt":"2022-10-04T13:16:05","guid":{"rendered":"https:\/\/www.musical-today.de\/?page_id=943"},"modified":"2025-11-28T15:18:43","modified_gmt":"2025-11-28T14:18:43","slug":"impressum","status":"publish","type":"page","link":"https:\/\/www.musical-today.de\/en\/impressum\/","title":{"rendered":"Imprint"},"content":{"rendered":"<p><strong>Diensteanbieter<\/strong><\/p>\n\n\n\n<p>Der Theaterverlag \u2013 Friedrich Berlin GmbH<br>Karl-Heinrich-Ulrichs-Stra\u00dfe 24<br>10785 Berlin<br>Tel.: +49 30 2544950<br>Fax: +49 30 25449512<br>E-Mail: kontakt@der-theaterverlag.de<br>www.der-theaterverlag.de<\/p>\n\n\n\n<p>Gesch\u00e4ftsf\u00fchrung:<br>Torsten Kutschke (gesch\u00e4ftsf\u00fchrender Gesellschafter, Verleger), Thomas Berner&nbsp;<\/p>\n\n\n\n<p>USt-IdNr: DE 189858215<br>HRB Berlin Charlottenburg 64682 B<\/p>\n\n\n\n<p><strong>Redaktionelle Betreuung<\/strong><\/p>\n\n\n\n<p>Orpheus Verlags GmbH<br>Schlo\u00df 2<br>86482 Aystetten<br>Tel.: +49 821 80032830<br>E-Mail: is@musical-today.de<\/p>\n\n\n\n<p>Vertreten durch:<br>Iris Steiner (verantwortlich i.S.d. \u00a7 18 Abs. 2 MStV)<\/p>\n\n\n\n<p>USt-IdNr: DE329391791<br>Handelsregister: HRB 34630<br>Registergericht: Amtsgericht Augsburg<\/p>\n\n\n\n<p><strong>Rechtevorbehalt<\/strong><\/p>\n\n\n\n<p>S\u00e4mtliche Rechte bleiben vorbehalten. Die Der Theaterverlag \u2013 Friedrich Berlin GmbH beh\u00e4lt sich insbesondere eine Nutzung ihrer Inhalte f\u00fcr kommerzielles Text- und Data-Mining im Sinne von \u00a7 44b UrhG ausdr\u00fccklich vor.<\/p>\n\n\n\n<p>Ihre Anfrage&nbsp;f\u00fcr den Erwerb von Nutzungsrechten&nbsp;k\u00f6nnen Sie per E-Mail an <a href=\"mailto:content-syndication@dfv.de\">content-syndication@dfv.de<\/a> richten. Auskunft erhalten Sie telefonisch unter 069 7595-2042.<\/p>","protected":false},"excerpt":{"rendered":"<p>Diensteanbieter Der Theaterverlag \u2013 Friedrich Berlin GmbHKarl-Heinrich-Ulrichs-Stra\u00dfe 2410785 BerlinTel.: +49 30 2544950Fax: +49 30 25449512E-Mail: kontakt@der-theaterverlag.dewww.der-theaterverlag.de Gesch\u00e4ftsf\u00fchrung:Torsten Kutschke (gesch\u00e4ftsf\u00fchrender Gesellschafter, Verleger), Thomas Berner&nbsp; USt-IdNr: DE 189858215HRB Berlin Charlottenburg 64682 B Redaktionelle Betreuung Orpheus Verlags GmbHSchlo\u00df 286482 AystettenTel.: +49 821 80032830E-Mail: is@musical-today.de Vertreten durch:Iris Steiner (verantwortlich i.S.d. \u00a7 18 Abs. 2 MStV) USt-IdNr: DE329391791Handelsregister: HRB 34630Registergericht: Amtsgericht Augsburg Rechtevorbehalt S\u00e4mtliche Rechte bleiben vorbehalten. Die Der Theaterverlag \u2013 Friedrich Berlin GmbH beh\u00e4lt sich insbesondere eine Nutzung ihrer Inhalte f\u00fcr kommerzielles Text- und [&hellip;]<\/p>\n","protected":false},"author":1,"featured_media":0,"parent":0,"menu_order":0,"comment_status":"closed","ping_status":"closed","template":"","meta":{"tpgb_global_settings":"","footnotes":""},"class_list":["post-943","page","type-page","status-publish","hentry"],"tpgb_featured_images":null,"tpgb_post_meta_info":{"get_date":"04.10.2022","get_modified_date":"28.11.2025","author_name":"Redaktion","author_url":"https:\/\/www.musical-today.de\/en\/autor\/condeadmin\/","author_email":"mail@valentinboesing.de","author_website":"","author_description":"","author_facebook":"","author_twitter":"","author_instagram":"","author_role":["administrator"],"author_firstname":"Administrator","author_lastname":"","user_login":"condeadmin","author_avatar":"<img src=\"https:\/\/www.musical-today.de\/wp-content\/uploads\/2024\/03\/avatar-default.1024x1024-293x293.png\" width=\"200\" height=\"200\" alt=\"Avatar\" class=\"avatar avatar-200 wp-user-avatar wp-user-avatar-200 photo avatar-default\" \/>","author_avatar_url":"https:\/\/www.musical-today.de\/wp-content\/uploads\/2024\/03\/avatar-default.1024x1024-100x100.png","comment_count":0,"post_likes":0,"post_views":0},"tpgb_post_category":[],"_links":{"self":[{"href":"https:\/\/www.musical-today.de\/en\/wp-json\/wp\/v2\/pages\/943","targetHints":{"allow":["GET"]}}],"collection":[{"href":"https:\/\/www.musical-today.de\/en\/wp-json\/wp\/v2\/pages"}],"about":[{"href":"https:\/\/www.musical-today.de\/en\/wp-json\/wp\/v2\/types\/page"}],"author":[{"embeddable":true,"href":"https:\/\/www.musical-today.de\/en\/wp-json\/wp\/v2\/users\/1"}],"replies":[{"embeddable":true,"href":"https:\/\/www.musical-today.de\/en\/wp-json\/wp\/v2\/comments?post=943"}],"version-history":[{"count":0,"href":"https:\/\/www.musical-today.de\/en\/wp-json\/wp\/v2\/pages\/943\/revisions"}],"wp:attachment":[{"href":"https:\/\/www.musical-today.de\/en\/wp-json\/wp\/v2\/media?parent=943"}],"curies":[{"name":"wp","href":"https:\/\/api.w.org\/{rel}","templated":true}]}}