{"id":9652,"date":"2025-02-13T16:36:47","date_gmt":"2025-02-13T15:36:47","guid":{"rendered":"https:\/\/www.musical-today.de\/?page_id=9652"},"modified":"2026-02-13T17:33:44","modified_gmt":"2026-02-13T16:33:44","slug":"aktuelles-heft","status":"publish","type":"page","link":"https:\/\/www.musical-today.de\/en\/aktuelles-heft\/","title":{"rendered":"Ausgabe 01\/2026"},"content":{"rendered":"<p class=\"has-text-align-center\">Unser MUSICAL TODAY-Printmagazin erg\u00e4nzt im Vierteljahres-Modus die Reihe der zahlreichen aktuellen Kritiken hier auf der Website um vieles, was Musicalfans interessiert: Interviews mit den Stars, Berichte und Geschichten aus der Szene, Historisches, Skurriles und ausgew\u00e4hlte Vorberichte zu neuen Produktionen. <br>Schaut mal rein!<\/p>\n\n\n\n<div style=\"height:1px\" aria-hidden=\"true\" class=\"wp-block-spacer\"><\/div>\n\n\n<div class=\"wp-block-image is-style-default\">\n<figure class=\"aligncenter size-full is-resized\"><img decoding=\"async\" width=\"2100\" height=\"1100\" src=\"https:\/\/www.musical-today.de\/wp-content\/uploads\/2026\/02\/MT_2026-01_Heftraster.jpg\" alt=\"|\" class=\"wp-image-13933\" style=\"width:868px;height:auto\" title=\"\" srcset=\"https:\/\/www.musical-today.de\/wp-content\/uploads\/2026\/02\/MT_2026-01_Heftraster.jpg 2100w, https:\/\/www.musical-today.de\/wp-content\/uploads\/2026\/02\/MT_2026-01_Heftraster-1200x629.jpg 1200w, https:\/\/www.musical-today.de\/wp-content\/uploads\/2026\/02\/MT_2026-01_Heftraster-1920x1006.jpg 1920w, https:\/\/www.musical-today.de\/wp-content\/uploads\/2026\/02\/MT_2026-01_Heftraster-600x314.jpg 600w, https:\/\/www.musical-today.de\/wp-content\/uploads\/2026\/02\/MT_2026-01_Heftraster-770x403.jpg 770w, https:\/\/www.musical-today.de\/wp-content\/uploads\/2026\/02\/MT_2026-01_Heftraster-1536x805.jpg 1536w, https:\/\/www.musical-today.de\/wp-content\/uploads\/2026\/02\/MT_2026-01_Heftraster-2048x1073.jpg 2048w, https:\/\/www.musical-today.de\/wp-content\/uploads\/2026\/02\/MT_2026-01_Heftraster-18x9.jpg 18w, https:\/\/www.musical-today.de\/wp-content\/uploads\/2026\/02\/MT_2026-01_Heftraster-500x262.jpg 500w\" sizes=\"(max-width: 2100px) 100vw, 2100px\" \/><\/figure>\n<\/div>\n\n\n<div style=\"height:1px\" aria-hidden=\"true\" class=\"wp-block-spacer\"><\/div>\n\n\n\n<h2 class=\"wp-block-heading has-text-align-center\">INHALT<\/h2>\n\n\n\n<p class=\"has-text-align-center\"><strong>WENN GOETHE JAPANISCH SPRICHT<\/strong><br>Gil Mehmert und Martin Lingnau \u00fcber das Betreten von neuem Terrain<\/p>\n\n\n\n<p class=\"has-text-align-center\"><strong>VON GREASE BIS GRIMM<\/strong><br>Iris Limbarth f\u00f6rdert seit 25 Jahren den deutschen B\u00fchnennachwuchs<\/p>\n\n\n\n<p class=\"has-text-align-center\"><strong>ZUR\u00dcCK IN DIE VERGANGENHEIT<\/strong><br>Musical-Adaptionen gro\u00dfer Kinohits<\/p>\n\n\n\n<p class=\"has-text-align-center\"><strong>\u201eICH HALTE MUSICAL F\u00dcR EINE KULTURELLE WUNDERWAFFE\u201c<\/strong><br>Johannes Krams Pl\u00e4doyer f\u00fcr mehr Selbstbewusstsein in der Branche<\/p>\n\n\n\n<p class=\"has-text-align-center\"><strong>VON HITLERS HOF-ZAUBERER ZUM WELTSTAR<\/strong><br>Die Urauff\u00fchrung \u201eSimsalabim\u201c an der Staatsoperette Dresden<\/p>\n\n\n\n<p class=\"has-text-align-center\"><strong>SINGEN, SPIELEN, F\u00dcHLEN<\/strong><br>Musicaldarstellerin Katharina Wollmann<\/p>\n\n\n\n<p class=\"has-text-align-center\"><strong>BECAUSE I KNEW YOU<\/strong><br>\u201eWicked: For Good\u201c<\/p>\n\n\n\n<p class=\"has-text-align-center\"><strong>DIE STILLEN RETTER JEDER SHOW<\/strong><br>Was macht eigentlich &#8230; ein Swing?<\/p>\n\n\n\n<p class=\"has-text-align-center\"><strong>\u201eJA, ABER \u2026\u201c<\/strong><br>Lisanne Wiegand \u00fcber weibliche Kreative im deutschsprachigen Musical<\/p>\n\n\n\n<p class=\"has-text-align-center\"><strong>WAS ZUR H\u00d6LLE \u2026?!<\/strong><br>\u201eHazbin Hotel\u201c: Zeichentrick trifft Broadway<\/p>\n\n\n\n<p class=\"has-text-align-center\"><strong>SOUNDTRACK F\u00dcR DIE EWIGKEIT<\/strong><br>Eine kleine Geschichte des Musical-Cast-Recordings<\/p>\n\n\n\n<p class=\"has-text-align-center\"><strong>TIPPS &amp; FLOPS<\/strong><br>CDs und Blu-rays unter der Lupe<\/p>\n\n\n\n<p class=\"has-text-align-center\"><strong>TERMINE<\/strong><br>Neuproduktionen, Long Runs und Tourneen von Februar bis Mai 2026<\/p>\n\n\n\n<p class=\"has-text-align-center\"><strong>LIVE DABEI<\/strong><br>18 Premierenkritiken in Wort und Bild<\/p>\n\n\n\n<div style=\"height:35px\" aria-hidden=\"true\" class=\"wp-block-spacer\"><\/div>\n\n\n\n<div class=\"wp-block-buttons is-content-justification-center is-layout-flex wp-container-core-buttons-is-layout-5e6b19ed wp-block-buttons-is-layout-flex\">\n<div class=\"wp-block-button has-custom-width wp-block-button__width-50 is-style-fill\"><a class=\"wp-block-button__link has-white-color has-text-color has-background has-link-color has-small-font-size has-text-align-center has-custom-font-size wp-element-button\" href=\"\/en\/shop\/\" style=\"border-radius:16px;background-color:#d6a92e;font-style:normal;font-weight:300;text-transform:uppercase\">ausgabe bestellen<\/a><\/div>\n<\/div>\n\n\n\n<p><\/p>","protected":false},"excerpt":{"rendered":"<p>Unser MUSICAL TODAY-Printmagazin erg\u00e4nzt im Vierteljahres-Modus die Reihe der zahlreichen aktuellen Kritiken hier auf der Website um vieles, was Musicalfans interessiert: Interviews mit den Stars, Berichte und Geschichten aus der Szene, Historisches, Skurriles und ausgew\u00e4hlte Vorberichte zu neuen Produktionen. Schaut mal rein! INHALT WENN GOETHE JAPANISCH SPRICHTGil Mehmert und Martin Lingnau \u00fcber das Betreten von neuem Terrain VON GREASE BIS GRIMMIris Limbarth f\u00f6rdert seit 25 Jahren den deutschen B\u00fchnennachwuchs ZUR\u00dcCK IN DIE VERGANGENHEITMusical-Adaptionen gro\u00dfer Kinohits \u201eICH HALTE MUSICAL F\u00dcR EINE [&hellip;]<\/p>\n","protected":false},"author":8,"featured_media":0,"parent":0,"menu_order":0,"comment_status":"closed","ping_status":"closed","template":"","meta":{"tpgb_global_settings":"","footnotes":""},"class_list":["post-9652","page","type-page","status-publish","hentry"],"tpgb_featured_images":null,"tpgb_post_meta_info":{"get_date":"13.02.2025","get_modified_date":"13.02.2026","author_name":"Silvia Murauer","author_url":"https:\/\/www.musical-today.de\/en\/autor\/smurauer\/","author_email":"mail@silviamurauer.de","author_website":"","author_description":"","author_facebook":"","author_twitter":"","author_instagram":"","author_role":["administrator"],"author_firstname":"Silvia","author_lastname":"Murauer","user_login":"smurauer","author_avatar":"<img src=\"https:\/\/www.musical-today.de\/wp-content\/uploads\/2024\/03\/avatar-default.1024x1024-293x293.png\" width=\"200\" height=\"200\" alt=\"Avatar\" class=\"avatar avatar-200 wp-user-avatar wp-user-avatar-200 photo avatar-default\" \/>","author_avatar_url":"https:\/\/www.musical-today.de\/wp-content\/uploads\/2024\/03\/avatar-default.1024x1024-100x100.png","comment_count":0,"post_likes":0,"post_views":0},"tpgb_post_category":[],"_links":{"self":[{"href":"https:\/\/www.musical-today.de\/en\/wp-json\/wp\/v2\/pages\/9652","targetHints":{"allow":["GET"]}}],"collection":[{"href":"https:\/\/www.musical-today.de\/en\/wp-json\/wp\/v2\/pages"}],"about":[{"href":"https:\/\/www.musical-today.de\/en\/wp-json\/wp\/v2\/types\/page"}],"author":[{"embeddable":true,"href":"https:\/\/www.musical-today.de\/en\/wp-json\/wp\/v2\/users\/8"}],"replies":[{"embeddable":true,"href":"https:\/\/www.musical-today.de\/en\/wp-json\/wp\/v2\/comments?post=9652"}],"version-history":[{"count":1,"href":"https:\/\/www.musical-today.de\/en\/wp-json\/wp\/v2\/pages\/9652\/revisions"}],"predecessor-version":[{"id":13934,"href":"https:\/\/www.musical-today.de\/en\/wp-json\/wp\/v2\/pages\/9652\/revisions\/13934"}],"wp:attachment":[{"href":"https:\/\/www.musical-today.de\/en\/wp-json\/wp\/v2\/media?parent=9652"}],"curies":[{"name":"wp","href":"https:\/\/api.w.org\/{rel}","templated":true}]}}